{"id":182,"date":"2024-07-24T10:01:16","date_gmt":"2024-07-24T08:01:16","guid":{"rendered":"https:\/\/gipt-europe.de\/?page_id=182"},"modified":"2025-01-14T11:42:15","modified_gmt":"2025-01-14T10:42:15","slug":"led","status":"publish","type":"page","link":"https:\/\/gipt-europe.de\/index.php\/led\/","title":{"rendered":"LED"},"content":{"rendered":"\t\t<div data-elementor-type=\"wp-page\" data-elementor-id=\"182\" class=\"elementor elementor-182\" data-elementor-post-type=\"page\">\n\t\t\t\t<div class=\"elementor-element elementor-element-2ddef4e e-flex e-con-boxed e-con e-parent\" data-id=\"2ddef4e\" data-element_type=\"container\" data-e-type=\"container\" data-settings=\"{&quot;background_background&quot;:&quot;classic&quot;}\">\n\t\t\t\t\t<div class=\"e-con-inner\">\n\t\t<div class=\"elementor-element elementor-element-a540d6a e-con-full e-flex e-con e-child\" data-id=\"a540d6a\" data-element_type=\"container\" data-e-type=\"container\">\n\t\t\t\t<div class=\"elementor-element elementor-element-d34caab elementor-widget elementor-widget-heading\" data-id=\"d34caab\" data-element_type=\"widget\" data-e-type=\"widget\" data-widget_type=\"heading.default\">\n\t\t\t\t<div class=\"elementor-widget-container\">\n\t\t\t\t\t<h5 class=\"elementor-heading-title elementor-size-default\">LED-Stromversorgungen<\/h5>\t\t\t\t<\/div>\n\t\t\t\t<\/div>\n\t\t\t\t<div class=\"elementor-element elementor-element-e254372 elementor-widget elementor-widget-heading\" data-id=\"e254372\" data-element_type=\"widget\" data-e-type=\"widget\" data-widget_type=\"heading.default\">\n\t\t\t\t<div class=\"elementor-widget-container\">\n\t\t\t\t\t<h1 class=\"elementor-heading-title elementor-size-default\"> Perfekte Beleuchtung beginnt hier<font><\/font><\/h1>\t\t\t\t<\/div>\n\t\t\t\t<\/div>\n\t\t\t\t<div class=\"elementor-element elementor-element-e199b5a elementor-widget elementor-widget-text-editor\" data-id=\"e199b5a\" data-element_type=\"widget\" data-e-type=\"widget\" data-widget_type=\"text-editor.default\">\n\t\t\t\t<div class=\"elementor-widget-container\">\n\t\t\t\t\t\t\t\t\t<p>LED ist heute die energieeffizienteste und sich am schnellsten entwickelnde Beleuchtungstechnologie.\u00a0<span style=\"color: var( --e-global-color-51f6f9a ); font-size: 1.31rem; text-align: var(--text-align);\">Die LED-Treiber von GIPT eignen sich f\u00fcr alle Heim- und Stra\u00dfenbeleuchtungsanwendungen und entsprechen den weltweiten Sicherheitsvorschriften f\u00fcr Beleuchtung.<\/span><\/p>\t\t\t\t\t\t\t\t<\/div>\n\t\t\t\t<\/div>\n\t\t\t\t<\/div>\n\t\t<div class=\"elementor-element elementor-element-54c0ce9 e-con-full e-flex e-con e-child\" data-id=\"54c0ce9\" data-element_type=\"container\" data-e-type=\"container\">\n\t\t\t\t<div class=\"elementor-element elementor-element-67e6a35 elementor-widget elementor-widget-button\" data-id=\"67e6a35\" data-element_type=\"widget\" data-e-type=\"widget\" data-widget_type=\"button.default\">\n\t\t\t\t<div class=\"elementor-widget-container\">\n\t\t\t\t\t\t\t\t\t<div class=\"elementor-button-wrapper\">\n\t\t\t\t\t<a class=\"elementor-button elementor-button-link elementor-size-sm\" href=\"#elementor-action%3Aaction%3Dpopup%3Aopen%26settings%3DeyJpZCI6NTQyLCJ0b2dnbGUiOmZhbHNlfQ%3D%3D\">\n\t\t\t\t\t\t<span class=\"elementor-button-content-wrapper\">\n\t\t\t\t\t\t\t\t\t<span class=\"elementor-button-text\">Jetzt anfragen<\/span>\n\t\t\t\t\t<\/span>\n\t\t\t\t\t<\/a>\n\t\t\t\t<\/div>\n\t\t\t\t\t\t\t\t<\/div>\n\t\t\t\t<\/div>\n\t\t\t\t<\/div>\n\t\t\t\t\t<\/div>\n\t\t\t\t<\/div>\n\t\t<div class=\"elementor-element elementor-element-79bde12 e-flex e-con-boxed e-con e-parent\" data-id=\"79bde12\" data-element_type=\"container\" data-e-type=\"container\" data-settings=\"{&quot;background_background&quot;:&quot;classic&quot;}\">\n\t\t\t\t\t<div class=\"e-con-inner\">\n\t\t<div class=\"elementor-element elementor-element-5607b4b e-con-full e-flex e-con e-child\" data-id=\"5607b4b\" data-element_type=\"container\" data-e-type=\"container\">\n\t\t\t\t<div class=\"elementor-element elementor-element-7b7bf4a elementor-widget elementor-widget-heading\" data-id=\"7b7bf4a\" data-element_type=\"widget\" data-e-type=\"widget\" data-widget_type=\"heading.default\">\n\t\t\t\t<div class=\"elementor-widget-container\">\n\t\t\t\t\t<h2 class=\"elementor-heading-title elementor-size-default\">Optimale Energie f\u00fcr Ihre LEDs: <br>Effizient, zuverl\u00e4ssig, sicher<\/h2>\t\t\t\t<\/div>\n\t\t\t\t<\/div>\n\t\t\t\t<\/div>\n\t\t<div class=\"elementor-element elementor-element-70b026b e-con-full e-flex e-con e-child\" data-id=\"70b026b\" data-element_type=\"container\" data-e-type=\"container\">\n\t\t\t\t<div class=\"elementor-element elementor-element-b3f8393 elementor-widget elementor-widget-text-editor\" data-id=\"b3f8393\" data-element_type=\"widget\" data-e-type=\"widget\" data-widget_type=\"text-editor.default\">\n\t\t\t\t<div class=\"elementor-widget-container\">\n\t\t\t\t\t\t\t\t\t<p>LED-Beleuchtung bietet viele Vorteile wie lange Lebensdauer, Energieeffizienz, Sicherheit, Gr\u00f6\u00dfe und Designflexibilit\u00e4t. Stromversorgungen mit konstanter Spannung. Ma\u00dfgeschneiderter Eindringschutz je nach Anforderung<\/p>\t\t\t\t\t\t\t\t<\/div>\n\t\t\t\t<\/div>\n\t\t\t\t<div class=\"elementor-element elementor-element-dd287ab elementor-widget elementor-widget-text-editor\" data-id=\"dd287ab\" data-element_type=\"widget\" data-e-type=\"widget\" data-widget_type=\"text-editor.default\">\n\t\t\t\t<div class=\"elementor-widget-container\">\n\t\t\t\t\t\t\t\t\t<p><span style=\"color: #0adc0a;\"><strong>H\u00f6chste Effizienz:<\/strong><\/span> Unsere LED-Stromversorgungen sind speziell darauf ausgelegt, maximale Energieeffizienz zu bieten. Dies bedeutet nicht nur eine l\u00e4ngere Lebensdauer Ihrer LED-Leuchten, sondern auch eine erhebliche Reduzierung Ihrer Energiekosten.<\/p><p><span style=\"color: #0adc0a;\"><strong>Zuverl\u00e4ssige Leistung:<\/strong> <\/span>Qualit\u00e4t und Zuverl\u00e4ssigkeit sind das Herzst\u00fcck unserer Produkte. Unsere LED-Stromversorgungen sind robust und langlebig, sodass Ihre Beleuchtungssysteme stets optimal funktionieren.<\/p>\t\t\t\t\t\t\t\t<\/div>\n\t\t\t\t<\/div>\n\t\t\t\t<\/div>\n\t\t<div class=\"elementor-element elementor-element-f26804f e-con-full e-flex e-con e-child\" data-id=\"f26804f\" data-element_type=\"container\" data-e-type=\"container\">\n\t\t\t\t<div class=\"elementor-element elementor-element-04a9bda elementor-widget elementor-widget-text-editor\" data-id=\"04a9bda\" data-element_type=\"widget\" data-e-type=\"widget\" data-widget_type=\"text-editor.default\">\n\t\t\t\t<div class=\"elementor-widget-container\">\n\t\t\t\t\t\t\t\t\t<p>In einer Welt, in der effiziente und zuverl\u00e4ssige Beleuchtungsl\u00f6sungen immer wichtiger werden, setzen wir Ma\u00dfst\u00e4be mit unseren innovativen LED-Stromversorgungen. Unsere Produkte sind darauf ausgelegt, Ihre LED-Anwendungen optimal zu unterst\u00fctzen und zu verbessern.<\/p>\t\t\t\t\t\t\t\t<\/div>\n\t\t\t\t<\/div>\n\t\t\t\t<div class=\"elementor-element elementor-element-0eebb69 elementor-widget elementor-widget-heading\" data-id=\"0eebb69\" data-element_type=\"widget\" data-e-type=\"widget\" data-widget_type=\"heading.default\">\n\t\t\t\t<div class=\"elementor-widget-container\">\n\t\t\t\t\t<h3 class=\"elementor-heading-title elementor-size-default\">Features\n<\/h3>\t\t\t\t<\/div>\n\t\t\t\t<\/div>\n\t\t\t\t<div class=\"elementor-element elementor-element-41df8bf elementor-widget elementor-widget-text-editor\" data-id=\"41df8bf\" data-element_type=\"widget\" data-e-type=\"widget\" data-widget_type=\"text-editor.default\">\n\t\t\t\t<div class=\"elementor-widget-container\">\n\t\t\t\t\t\t\t\t\t<p><span style=\"color: #0adc0a;\"><strong>+<\/strong><\/span> Universelle Eingangsspannung<br \/><span style=\"color: #0adc0a;\"><strong>+ <\/strong><\/span>Eingebaute PFC-Funktion, hoher Wirkungsgrad<br \/><span style=\"color: #0adc0a;\"><strong>+ <\/strong><\/span>Konstanter Strom<br \/><span style=\"color: #0adc0a;\"><strong>+ <\/strong><\/span>Vier eingebaute Schutzsysteme<br \/><strong><span style=\"color: #0adc0a;\">+ <\/span><\/strong>Geeignet f\u00fcr trockene, feuchte und nasse Standorte<br \/><br \/><br \/><br \/><br \/><\/p>\t\t\t\t\t\t\t\t<\/div>\n\t\t\t\t<\/div>\n\t\t\t\t<div class=\"elementor-element elementor-element-16206cd elementor-widget elementor-widget-button\" data-id=\"16206cd\" data-element_type=\"widget\" data-e-type=\"widget\" data-widget_type=\"button.default\">\n\t\t\t\t<div class=\"elementor-widget-container\">\n\t\t\t\t\t\t\t\t\t<div class=\"elementor-button-wrapper\">\n\t\t\t\t\t<a class=\"elementor-button elementor-button-link elementor-size-sm\" href=\"#elementor-action%3Aaction%3Dpopup%3Aopen%26settings%3DeyJpZCI6NTQyLCJ0b2dnbGUiOmZhbHNlfQ%3D%3D\">\n\t\t\t\t\t\t<span class=\"elementor-button-content-wrapper\">\n\t\t\t\t\t\t\t\t\t<span class=\"elementor-button-text\">Jetzt anfragen<\/span>\n\t\t\t\t\t<\/span>\n\t\t\t\t\t<\/a>\n\t\t\t\t<\/div>\n\t\t\t\t\t\t\t\t<\/div>\n\t\t\t\t<\/div>\n\t\t\t\t<\/div>\n\t\t\t\t\t<\/div>\n\t\t\t\t<\/div>\n\t\t<div class=\"elementor-element elementor-element-4af1c94 e-flex e-con-boxed e-con e-parent\" data-id=\"4af1c94\" data-element_type=\"container\" data-e-type=\"container\" data-settings=\"{&quot;background_background&quot;:&quot;classic&quot;}\">\n\t\t\t\t\t<div class=\"e-con-inner\">\n\t\t<div class=\"elementor-element elementor-element-6a0bf73 e-con-full e-flex e-con e-child\" data-id=\"6a0bf73\" data-element_type=\"container\" data-e-type=\"container\">\n\t\t<div class=\"elementor-element elementor-element-97a2856 e-con-full e-flex e-con e-child\" data-id=\"97a2856\" data-element_type=\"container\" data-e-type=\"container\">\n\t\t\t\t<div class=\"elementor-element elementor-element-15edd3d elementor-widget elementor-widget-heading\" data-id=\"15edd3d\" data-element_type=\"widget\" data-e-type=\"widget\" data-widget_type=\"heading.default\">\n\t\t\t\t<div class=\"elementor-widget-container\">\n\t\t\t\t\t<h2 class=\"elementor-heading-title elementor-size-default\">Produkte f\u00fcr <br><font>LED <\/font><\/h2>\t\t\t\t<\/div>\n\t\t\t\t<\/div>\n\t\t\t\t<\/div>\n\t\t<div class=\"elementor-element elementor-element-ea5bfed e-con-full e-flex e-con e-child\" data-id=\"ea5bfed\" data-element_type=\"container\" data-e-type=\"container\">\n\t\t\t\t<div class=\"elementor-element elementor-element-5f56e34 elementor-widget elementor-widget-text-editor\" data-id=\"5f56e34\" data-element_type=\"widget\" data-e-type=\"widget\" data-widget_type=\"text-editor.default\">\n\t\t\t\t<div class=\"elementor-widget-container\">\n\t\t\t\t\t\t\t\t\t<strong><span style=\"color: #0adc0a;\">Kompatibilit\u00e4t und Vielseitigkeit:<\/span><\/strong>  Egal ob f\u00fcr Innen- oder Au\u00dfenbeleuchtung, f\u00fcr kommerzielle oder private Anwendungen \u2013 unsere LED-Stromversorgungen sind vielseitig einsetzbar und kompatibel mit einer Vielzahl von LED-Typen und -Herstellern.\t\t\t\t\t\t\t\t<\/div>\n\t\t\t\t<\/div>\n\t\t\t\t<\/div>\n\t\t\t\t<\/div>\n\t\t<div class=\"elementor-element elementor-element-649083a e-con-full e-flex e-con e-child\" data-id=\"649083a\" data-element_type=\"container\" data-e-type=\"container\">\n\t\t<div class=\"elementor-element elementor-element-1030de5 e-con-full e-flex e-con e-child\" data-id=\"1030de5\" data-element_type=\"container\" data-e-type=\"container\">\n\t\t<div class=\"elementor-element elementor-element-c7b7bbd e-con-full e-flex e-con e-child\" data-id=\"c7b7bbd\" data-element_type=\"container\" data-e-type=\"container\">\n\t\t<div class=\"elementor-element elementor-element-71ad59e e-con-full e-flex e-con e-child\" data-id=\"71ad59e\" data-element_type=\"container\" data-e-type=\"container\" data-settings=\"{&quot;background_background&quot;:&quot;classic&quot;}\">\n\t\t\t\t<\/div>\n\t\t\t\t<\/div>\n\t\t<div class=\"elementor-element elementor-element-fc380c8 e-con-full e-flex e-con e-child\" data-id=\"fc380c8\" data-element_type=\"container\" data-e-type=\"container\">\n\t\t\t\t<div class=\"elementor-element elementor-element-4988e23 elementor-widget elementor-widget-text-editor\" data-id=\"4988e23\" data-element_type=\"widget\" data-e-type=\"widget\" data-widget_type=\"text-editor.default\">\n\t\t\t\t<div class=\"elementor-widget-container\">\n\t\t\t\t\t\t\t\t\t<h4>GLED480WXX<\/h4><p><strong>Information\u00a0<\/strong><br \/><span style=\"color: #ffffff;\"><span style=\"caret-color: #ffffff;\">High<\/span>\u00a0Power mit 90-305Vin Eingangsspannung und 48V\/480W oder 48V\/480W Ausgangspannung f\u00fcr den Einsatz in rauen Umgebungen<\/span><br \/><strong>Eingangsspannung<\/strong><br \/><span style=\"color: #ffffff;\">90-305Vin<\/span><br \/><strong>Frequenz<\/strong><br \/><span style=\"color: #ffffff;\">50 \/ 60Hz<\/span><\/p>\t\t\t\t\t\t\t\t<\/div>\n\t\t\t\t<\/div>\n\t\t\t\t<\/div>\n\t\t<div class=\"elementor-element elementor-element-bf83bc1 e-con-full e-flex e-con e-child\" data-id=\"bf83bc1\" data-element_type=\"container\" data-e-type=\"container\">\n\t\t\t\t<div class=\"elementor-element elementor-element-b948ac9 elementor-widget elementor-widget-n-accordion\" data-id=\"b948ac9\" data-element_type=\"widget\" data-e-type=\"widget\" data-settings=\"{&quot;default_state&quot;:&quot;all_collapsed&quot;,&quot;max_items_expended&quot;:&quot;one&quot;,&quot;n_accordion_animation_duration&quot;:{&quot;unit&quot;:&quot;ms&quot;,&quot;size&quot;:400,&quot;sizes&quot;:[]}}\" data-widget_type=\"nested-accordion.default\">\n\t\t\t\t<div class=\"elementor-widget-container\">\n\t\t\t\t\t\t\t<div class=\"e-n-accordion\" aria-label=\"Accordion. Open links with Enter or Space, close with Escape, and navigate with Arrow Keys\">\n\t\t\t\t\t\t<details id=\"e-n-accordion-item-1940\" class=\"e-n-accordion-item\" >\n\t\t\t\t<summary class=\"e-n-accordion-item-title\" data-accordion-index=\"1\" tabindex=\"0\" aria-expanded=\"false\" aria-controls=\"e-n-accordion-item-1940\" >\n\t\t\t\t\t<span class='e-n-accordion-item-title-header'><div class=\"e-n-accordion-item-title-text\"> mehr Info <\/div><\/span>\n\t\t\t\t\t\t\t<span class='e-n-accordion-item-title-icon'>\n\t\t\t<span class='e-opened' ><svg aria-hidden=\"true\" class=\"e-font-icon-svg e-fas-minus\" viewBox=\"0 0 448 512\" xmlns=\"http:\/\/www.w3.org\/2000\/svg\"><path d=\"M416 208H32c-17.67 0-32 14.33-32 32v32c0 17.67 14.33 32 32 32h384c17.67 0 32-14.33 32-32v-32c0-17.67-14.33-32-32-32z\"><\/path><\/svg><\/span>\n\t\t\t<span class='e-closed'><svg aria-hidden=\"true\" class=\"e-font-icon-svg e-fas-plus\" viewBox=\"0 0 448 512\" xmlns=\"http:\/\/www.w3.org\/2000\/svg\"><path d=\"M416 208H272V64c0-17.67-14.33-32-32-32h-32c-17.67 0-32 14.33-32 32v144H32c-17.67 0-32 14.33-32 32v32c0 17.67 14.33 32 32 32h144v144c0 17.67 14.33 32 32 32h32c17.67 0 32-14.33 32-32V304h144c17.67 0 32-14.33 32-32v-32c0-17.67-14.33-32-32-32z\"><\/path><\/svg><\/span>\n\t\t<\/span>\n\n\t\t\t\t\t\t<\/summary>\n\t\t\t\t<div role=\"region\" aria-labelledby=\"e-n-accordion-item-1940\" class=\"elementor-element elementor-element-f15237e e-con-full e-flex e-con e-child\" data-id=\"f15237e\" data-element_type=\"container\" data-e-type=\"container\">\n\t\t\t\t<div class=\"elementor-element elementor-element-595e442 elementor-widget elementor-widget-text-editor\" data-id=\"595e442\" data-element_type=\"widget\" data-e-type=\"widget\" data-widget_type=\"text-editor.default\">\n\t\t\t\t<div class=\"elementor-widget-container\">\n\t\t\t\t\t\t\t\t\t<p><strong>Eingangsspannung<\/strong><br \/>90-305Vin<br \/><strong>Frequenz<\/strong><br \/>50 \/ 60Hz<br \/><b>Ausgangsspannung<\/b><br \/>24Vdc or 48Vdc<br \/><strong>Ausgangsleistung<\/strong><br \/>480W<br \/><strong>Betriebstemperatur<\/strong><br \/>-10\u00b0C to +70\u00b0<br \/><strong>Luftfeuchtigkeit<\/strong><br \/>IP67<br \/><strong>Schutz<\/strong><br \/>Input UVP\/OVP, Output OCP, OVP, OTP, SCP<br \/><strong>Eingangsanschluss<\/strong><br \/>Kabel<br \/><strong>Ausgangsanschluss<\/strong><br \/>Kabel<br \/><strong>Dimensionen<\/strong><br \/>101.6 mm W x 248.8 mm L x 49 mm H<\/p>\t\t\t\t\t\t\t\t<\/div>\n\t\t\t\t<\/div>\n\t\t\t\t<div class=\"elementor-element elementor-element-12aa2f1 elementor-widget elementor-widget-button\" data-id=\"12aa2f1\" data-element_type=\"widget\" data-e-type=\"widget\" data-widget_type=\"button.default\">\n\t\t\t\t<div class=\"elementor-widget-container\">\n\t\t\t\t\t\t\t\t\t<div class=\"elementor-button-wrapper\">\n\t\t\t\t\t<a class=\"elementor-button elementor-button-link elementor-size-sm\" href=\"#elementor-action%3Aaction%3Dpopup%3Aopen%26settings%3DeyJpZCI6NTQyLCJ0b2dnbGUiOmZhbHNlfQ%3D%3D\">\n\t\t\t\t\t\t<span class=\"elementor-button-content-wrapper\">\n\t\t\t\t\t\t\t\t\t<span class=\"elementor-button-text\">Jetzt anfragen<\/span>\n\t\t\t\t\t<\/span>\n\t\t\t\t\t<\/a>\n\t\t\t\t<\/div>\n\t\t\t\t\t\t\t\t<\/div>\n\t\t\t\t<\/div>\n\t\t\t\t<\/div>\n\t\t\t\t\t<\/details>\n\t\t\t\t\t<\/div>\n\t\t\t\t\t\t<\/div>\n\t\t\t\t<\/div>\n\t\t\t\t<\/div>\n\t\t\t\t<\/div>\n\t\t\t\t<\/div>\n\t\t\t\t\t<\/div>\n\t\t\t\t<\/div>\n\t\t<div class=\"elementor-element elementor-element-f7f6149 e-flex e-con-boxed e-con e-parent\" data-id=\"f7f6149\" data-element_type=\"container\" data-e-type=\"container\" data-settings=\"{&quot;background_background&quot;:&quot;classic&quot;}\">\n\t\t\t\t\t<div class=\"e-con-inner\">\n\t\t<div class=\"elementor-element elementor-element-60451a3 e-con-full e-flex e-con e-child\" data-id=\"60451a3\" data-element_type=\"container\" data-e-type=\"container\">\n\t\t<div class=\"elementor-element elementor-element-c41236a e-con-full e-flex e-con e-child\" data-id=\"c41236a\" data-element_type=\"container\" data-e-type=\"container\">\n\t\t\t\t<div class=\"elementor-element elementor-element-c9d590d elementor-widget elementor-widget-heading\" data-id=\"c9d590d\" data-element_type=\"widget\" data-e-type=\"widget\" data-widget_type=\"heading.default\">\n\t\t\t\t<div class=\"elementor-widget-container\">\n\t\t\t\t\t<h2 class=\"elementor-heading-title elementor-size-default\">Unsere Lizenzen <br><font>und Zertifikate <\/font><\/h2>\t\t\t\t<\/div>\n\t\t\t\t<\/div>\n\t\t\t\t<\/div>\n\t\t<div class=\"elementor-element elementor-element-2470645 e-con-full e-flex e-con e-child\" data-id=\"2470645\" data-element_type=\"container\" data-e-type=\"container\">\n\t\t\t\t<div class=\"elementor-element elementor-element-a6f8309 elementor-widget elementor-widget-text-editor\" data-id=\"a6f8309\" data-element_type=\"widget\" data-e-type=\"widget\" data-widget_type=\"text-editor.default\">\n\t\t\t\t<div class=\"elementor-widget-container\">\n\t\t\t\t\t\t\t\t\t<p><span style=\"color: #0adc0a;\"><strong>Qualit\u00e4t und Zuverl\u00e4ssigkeit:<\/strong> <\/span>Ihre Anwendungen k\u00f6nnen sich auf unsere Produkte verlassen. Wir setzen auf strenge Qualit\u00e4tskontrollen und Tests, um sicherzustellen, dass unsere Stromversorgungen den h\u00f6chsten Standards entsprechen.<\/p>\t\t\t\t\t\t\t\t<\/div>\n\t\t\t\t<\/div>\n\t\t\t\t<\/div>\n\t\t\t\t<\/div>\n\t\t<div class=\"elementor-element elementor-element-4e15cf9 e-con-full e-flex e-con e-child\" data-id=\"4e15cf9\" data-element_type=\"container\" data-e-type=\"container\">\n\t\t\t\t<div class=\"elementor-element elementor-element-863700d elementor-widget elementor-widget-image\" data-id=\"863700d\" data-element_type=\"widget\" data-e-type=\"widget\" data-widget_type=\"image.default\">\n\t\t\t\t<div class=\"elementor-widget-container\">\n\t\t\t\t\t\t\t\t\t\t\t\t\t\t\t<img fetchpriority=\"high\" decoding=\"async\" width=\"2300\" height=\"562\" src=\"https:\/\/gipt-europe.de\/wp-content\/uploads\/2024\/08\/approabationen@2x-50.jpg\" class=\"attachment-full size-full wp-image-358\" alt=\"\" srcset=\"https:\/\/gipt-europe.de\/wp-content\/uploads\/2024\/08\/approabationen@2x-50.jpg 2300w, https:\/\/gipt-europe.de\/wp-content\/uploads\/2024\/08\/approabationen@2x-50-300x73.jpg 300w, https:\/\/gipt-europe.de\/wp-content\/uploads\/2024\/08\/approabationen@2x-50-1024x250.jpg 1024w, https:\/\/gipt-europe.de\/wp-content\/uploads\/2024\/08\/approabationen@2x-50-768x188.jpg 768w, https:\/\/gipt-europe.de\/wp-content\/uploads\/2024\/08\/approabationen@2x-50-1536x375.jpg 1536w, https:\/\/gipt-europe.de\/wp-content\/uploads\/2024\/08\/approabationen@2x-50-2048x500.jpg 2048w\" sizes=\"(max-width: 2300px) 100vw, 2300px\" \/>\t\t\t\t\t\t\t\t\t\t\t\t\t\t\t<\/div>\n\t\t\t\t<\/div>\n\t\t\t\t<\/div>\n\t\t\t\t\t<\/div>\n\t\t\t\t<\/div>\n\t\t\t\t<\/div>\n\t\t","protected":false},"excerpt":{"rendered":"<p>LED-Stromversorgungen Perfekte Beleuchtung beginnt hier LED ist heute die energieeffizienteste und sich am schnellsten entwickelnde Beleuchtungstechnologie.\u00a0Die LED-Treiber von GIPT eignen sich f\u00fcr alle Heim- und Stra\u00dfenbeleuchtungsanwendungen und entsprechen den weltweiten Sicherheitsvorschriften f\u00fcr Beleuchtung. Jetzt anfragen Optimale Energie f\u00fcr Ihre LEDs: Effizient, zuverl\u00e4ssig, sicher LED-Beleuchtung bietet viele Vorteile wie lange Lebensdauer, Energieeffizienz, Sicherheit, Gr\u00f6\u00dfe und Designflexibilit\u00e4t. [&hellip;]<\/p>\n","protected":false},"author":1,"featured_media":0,"parent":0,"menu_order":0,"comment_status":"closed","ping_status":"closed","template":"","meta":{"footnotes":""},"class_list":["post-182","page","type-page","status-publish","hentry"],"_links":{"self":[{"href":"https:\/\/gipt-europe.de\/index.php\/wp-json\/wp\/v2\/pages\/182","targetHints":{"allow":["GET"]}}],"collection":[{"href":"https:\/\/gipt-europe.de\/index.php\/wp-json\/wp\/v2\/pages"}],"about":[{"href":"https:\/\/gipt-europe.de\/index.php\/wp-json\/wp\/v2\/types\/page"}],"author":[{"embeddable":true,"href":"https:\/\/gipt-europe.de\/index.php\/wp-json\/wp\/v2\/users\/1"}],"replies":[{"embeddable":true,"href":"https:\/\/gipt-europe.de\/index.php\/wp-json\/wp\/v2\/comments?post=182"}],"version-history":[{"count":64,"href":"https:\/\/gipt-europe.de\/index.php\/wp-json\/wp\/v2\/pages\/182\/revisions"}],"predecessor-version":[{"id":1977,"href":"https:\/\/gipt-europe.de\/index.php\/wp-json\/wp\/v2\/pages\/182\/revisions\/1977"}],"wp:attachment":[{"href":"https:\/\/gipt-europe.de\/index.php\/wp-json\/wp\/v2\/media?parent=182"}],"curies":[{"name":"wp","href":"https:\/\/api.w.org\/{rel}","templated":true}]}}