{"id":184,"date":"2024-07-24T10:01:44","date_gmt":"2024-07-24T08:01:44","guid":{"rendered":"https:\/\/gipt-europe.de\/?page_id=184"},"modified":"2025-01-14T11:37:22","modified_gmt":"2025-01-14T10:37:22","slug":"e-mobilitaet","status":"publish","type":"page","link":"https:\/\/gipt-europe.de\/index.php\/e-mobilitaet\/","title":{"rendered":"E-Mobilit\u00e4t"},"content":{"rendered":"\t\t<div data-elementor-type=\"wp-page\" data-elementor-id=\"184\" class=\"elementor elementor-184\" data-elementor-post-type=\"page\">\n\t\t\t\t<div class=\"elementor-element elementor-element-9e459e7 e-flex e-con-boxed e-con e-parent\" data-id=\"9e459e7\" data-element_type=\"container\" data-e-type=\"container\" data-settings=\"{&quot;background_background&quot;:&quot;classic&quot;}\">\n\t\t\t\t\t<div class=\"e-con-inner\">\n\t\t<div class=\"elementor-element elementor-element-433f820 e-con-full e-flex e-con e-child\" data-id=\"433f820\" data-element_type=\"container\" data-e-type=\"container\">\n\t\t\t\t<div class=\"elementor-element elementor-element-08a1e7a elementor-widget elementor-widget-heading\" data-id=\"08a1e7a\" data-element_type=\"widget\" data-e-type=\"widget\" data-widget_type=\"heading.default\">\n\t\t\t\t<div class=\"elementor-widget-container\">\n\t\t\t\t\t<h5 class=\"elementor-heading-title elementor-size-default\">E-Mobilit\u00e4t<\/h5>\t\t\t\t<\/div>\n\t\t\t\t<\/div>\n\t\t\t\t<div class=\"elementor-element elementor-element-450c501 elementor-widget elementor-widget-heading\" data-id=\"450c501\" data-element_type=\"widget\" data-e-type=\"widget\" data-widget_type=\"heading.default\">\n\t\t\t\t<div class=\"elementor-widget-container\">\n\t\t\t\t\t<h1 class=\"elementor-heading-title elementor-size-default\">Die Zukunft des Ladens beginnt hier<font><\/font><\/h1>\t\t\t\t<\/div>\n\t\t\t\t<\/div>\n\t\t\t\t<div class=\"elementor-element elementor-element-5722c23 elementor-widget elementor-widget-text-editor\" data-id=\"5722c23\" data-element_type=\"widget\" data-e-type=\"widget\" data-widget_type=\"text-editor.default\">\n\t\t\t\t<div class=\"elementor-widget-container\">\n\t\t\t\t\t\t\t\t\tDie eMobility-Branche w\u00e4chst rasant, da Elektrofahrzeuge in Entwicklungsl\u00e4ndern immer beliebter werden, um die weltweiten Emissionen des Verkehrssektors zu reduzieren. GIPT bietet ma\u00dfgeschneiderte Projekte, um Ihr eMobility-Konzept in die Realit\u00e4t umzusetzen\t\t\t\t\t\t\t\t<\/div>\n\t\t\t\t<\/div>\n\t\t\t\t<\/div>\n\t\t<div class=\"elementor-element elementor-element-8a916f9 e-con-full e-flex e-con e-child\" data-id=\"8a916f9\" data-element_type=\"container\" data-e-type=\"container\">\n\t\t\t\t<div class=\"elementor-element elementor-element-8d4238a elementor-widget elementor-widget-button\" data-id=\"8d4238a\" data-element_type=\"widget\" data-e-type=\"widget\" data-widget_type=\"button.default\">\n\t\t\t\t<div class=\"elementor-widget-container\">\n\t\t\t\t\t\t\t\t\t<div class=\"elementor-button-wrapper\">\n\t\t\t\t\t<a class=\"elementor-button elementor-button-link elementor-size-sm\" href=\"#elementor-action%3Aaction%3Dpopup%3Aopen%26settings%3DeyJpZCI6NTQyLCJ0b2dnbGUiOmZhbHNlfQ%3D%3D\">\n\t\t\t\t\t\t<span class=\"elementor-button-content-wrapper\">\n\t\t\t\t\t\t\t\t\t<span class=\"elementor-button-text\">Jetzt anfragen<\/span>\n\t\t\t\t\t<\/span>\n\t\t\t\t\t<\/a>\n\t\t\t\t<\/div>\n\t\t\t\t\t\t\t\t<\/div>\n\t\t\t\t<\/div>\n\t\t\t\t<\/div>\n\t\t\t\t\t<\/div>\n\t\t\t\t<\/div>\n\t\t<div class=\"elementor-element elementor-element-dc283f5 e-flex e-con-boxed e-con e-parent\" data-id=\"dc283f5\" data-element_type=\"container\" data-e-type=\"container\" data-settings=\"{&quot;background_background&quot;:&quot;classic&quot;}\">\n\t\t\t\t\t<div class=\"e-con-inner\">\n\t\t<div class=\"elementor-element elementor-element-566324a e-con-full e-flex e-con e-child\" data-id=\"566324a\" data-element_type=\"container\" data-e-type=\"container\">\n\t\t\t\t<div class=\"elementor-element elementor-element-4ced378 elementor-widget elementor-widget-heading\" data-id=\"4ced378\" data-element_type=\"widget\" data-e-type=\"widget\" data-widget_type=\"heading.default\">\n\t\t\t\t<div class=\"elementor-widget-container\">\n\t\t\t\t\t<h2 class=\"elementor-heading-title elementor-size-default\">Revolution\u00e4re Ladeger\u00e4te f\u00fcr E-Mobilit\u00e4t: <br>Schnell, Sicher und Zukunftssicher\n\n\n\n<\/h2>\t\t\t\t<\/div>\n\t\t\t\t<\/div>\n\t\t\t\t<\/div>\n\t\t<div class=\"elementor-element elementor-element-2244527 e-con-full e-flex e-con e-child\" data-id=\"2244527\" data-element_type=\"container\" data-e-type=\"container\">\n\t\t\t\t<div class=\"elementor-element elementor-element-6df92de elementor-widget elementor-widget-text-editor\" data-id=\"6df92de\" data-element_type=\"widget\" data-e-type=\"widget\" data-widget_type=\"text-editor.default\">\n\t\t\t\t<div class=\"elementor-widget-container\">\n\t\t\t\t\t\t\t\t\tIn einer Welt, die zunehmend auf nachhaltige und umweltfreundliche Mobilit\u00e4tsl\u00f6sungen setzt, spielen unsere Ladeger\u00e4te eine entscheidende Rolle bei der F\u00f6rderung und Unterst\u00fctzung der Elektromobilit\u00e4t.\t\t\t\t\t\t\t\t<\/div>\n\t\t\t\t<\/div>\n\t\t\t\t<div class=\"elementor-element elementor-element-6ba3d6a elementor-widget elementor-widget-text-editor\" data-id=\"6ba3d6a\" data-element_type=\"widget\" data-e-type=\"widget\" data-widget_type=\"text-editor.default\">\n\t\t\t\t<div class=\"elementor-widget-container\">\n\t\t\t\t\t\t\t\t\t<span style=\"color: #0adc0a;\"><strong>Schnelles und effizientes Laden:<\/strong> <\/span>Unsere Ladeger\u00e4te sind darauf ausgelegt, Ihre Elektrofahrzeuge in k\u00fcrzester Zeit vollst\u00e4ndig aufzuladen. Mit modernster Technologie ausgestattet, erm\u00f6glichen sie schnelles und effizientes Laden, damit Sie jederzeit mobil bleiben.\n\n<strong><span style=\"color: #0adc0a;\">H\u00f6chste Sicherheit:<\/span><\/strong> Sicherheit steht bei uns an erster Stelle. Unsere Ladeger\u00e4te sind mit fortschrittlichen Sicherheitsfunktionen ausgestattet, die \u00dcberladung, \u00dcberhitzung und Kurzschl\u00fcsse verhindern. So k\u00f6nnen Sie sicher sein, dass Ihr Fahrzeug und Ihre Ladeinfrastruktur gesch\u00fctzt sind.\t\t\t\t\t\t\t\t<\/div>\n\t\t\t\t<\/div>\n\t\t\t\t<\/div>\n\t\t<div class=\"elementor-element elementor-element-eec48bd e-con-full e-flex e-con e-child\" data-id=\"eec48bd\" data-element_type=\"container\" data-e-type=\"container\">\n\t\t\t\t<div class=\"elementor-element elementor-element-ab2030b elementor-widget elementor-widget-text-editor\" data-id=\"ab2030b\" data-element_type=\"widget\" data-e-type=\"widget\" data-widget_type=\"text-editor.default\">\n\t\t\t\t<div class=\"elementor-widget-container\">\n\t\t\t\t\t\t\t\t\t<p><span style=\"color: #0adc0a;\"><strong>Zukunftssichere Technologie:<\/strong> <\/span>In einer sich schnell entwickelnden Branche ist es wichtig, auf dem neuesten Stand zu bleiben. Unsere Ladeger\u00e4te sind zukunftssicher und kompatibel mit den neuesten Entwicklungen und Standards in der Elektromobilit\u00e4t. So sind Sie bestens f\u00fcr die Zukunft ger\u00fcstet.<\/p><p><span style=\"color: #0adc0a;\"><strong>Nachhaltigkeit und Effizienz:<\/strong> <\/span>Unsere Ladeger\u00e4te tragen nicht nur zur Reduzierung von Emissionen bei, sondern sind auch energieeffizient. Dadurch helfen sie, die Umwelt zu schonen und gleichzeitig Ihre Energiekosten zu senken.<\/p>\t\t\t\t\t\t\t\t<\/div>\n\t\t\t\t<\/div>\n\t\t\t\t<div class=\"elementor-element elementor-element-af8c785 elementor-widget elementor-widget-heading\" data-id=\"af8c785\" data-element_type=\"widget\" data-e-type=\"widget\" data-widget_type=\"heading.default\">\n\t\t\t\t<div class=\"elementor-widget-container\">\n\t\t\t\t\t<h3 class=\"elementor-heading-title elementor-size-default\">Features\n<\/h3>\t\t\t\t<\/div>\n\t\t\t\t<\/div>\n\t\t\t\t<div class=\"elementor-element elementor-element-7191816 elementor-widget elementor-widget-text-editor\" data-id=\"7191816\" data-element_type=\"widget\" data-e-type=\"widget\" data-widget_type=\"text-editor.default\">\n\t\t\t\t<div class=\"elementor-widget-container\">\n\t\t\t\t\t\t\t\t\t<p><span style=\"color: #0adc0a;\"><strong>+<\/strong><\/span> High charging efficiency<br \/><span style=\"color: #0adc0a;\"><strong>+ <\/strong><\/span>Smart charging schedule<br \/><span style=\"color: #0adc0a;\"><strong>+ <\/strong><\/span>Reliable platform<br \/><span style=\"color: #0adc0a;\"><strong>+ <\/strong><\/span>Smart EV charging<br \/><br \/><\/p>\t\t\t\t\t\t\t\t<\/div>\n\t\t\t\t<\/div>\n\t\t\t\t<div class=\"elementor-element elementor-element-aeeb5ab elementor-widget elementor-widget-button\" data-id=\"aeeb5ab\" data-element_type=\"widget\" data-e-type=\"widget\" data-widget_type=\"button.default\">\n\t\t\t\t<div class=\"elementor-widget-container\">\n\t\t\t\t\t\t\t\t\t<div class=\"elementor-button-wrapper\">\n\t\t\t\t\t<a class=\"elementor-button elementor-button-link elementor-size-sm\" href=\"#elementor-action%3Aaction%3Dpopup%3Aopen%26settings%3DeyJpZCI6NTQyLCJ0b2dnbGUiOmZhbHNlfQ%3D%3D\">\n\t\t\t\t\t\t<span class=\"elementor-button-content-wrapper\">\n\t\t\t\t\t\t\t\t\t<span class=\"elementor-button-text\">Jetzt anfragen<\/span>\n\t\t\t\t\t<\/span>\n\t\t\t\t\t<\/a>\n\t\t\t\t<\/div>\n\t\t\t\t\t\t\t\t<\/div>\n\t\t\t\t<\/div>\n\t\t\t\t<\/div>\n\t\t\t\t\t<\/div>\n\t\t\t\t<\/div>\n\t\t<div class=\"elementor-element elementor-element-205ebe5 e-flex e-con-boxed e-con e-parent\" data-id=\"205ebe5\" data-element_type=\"container\" data-e-type=\"container\" data-settings=\"{&quot;background_background&quot;:&quot;classic&quot;}\">\n\t\t\t\t\t<div class=\"e-con-inner\">\n\t\t<div class=\"elementor-element elementor-element-f0d57b5 e-con-full e-flex e-con e-child\" data-id=\"f0d57b5\" data-element_type=\"container\" data-e-type=\"container\">\n\t\t<div class=\"elementor-element elementor-element-8a186ab e-con-full e-flex e-con e-child\" data-id=\"8a186ab\" data-element_type=\"container\" data-e-type=\"container\">\n\t\t\t\t<div class=\"elementor-element elementor-element-cd3aad6 elementor-widget elementor-widget-heading\" data-id=\"cd3aad6\" data-element_type=\"widget\" data-e-type=\"widget\" data-widget_type=\"heading.default\">\n\t\t\t\t<div class=\"elementor-widget-container\">\n\t\t\t\t\t<h2 class=\"elementor-heading-title elementor-size-default\">Produkte f\u00fcr <br><font>E-Mobilit\u00e4t <\/font><\/h2>\t\t\t\t<\/div>\n\t\t\t\t<\/div>\n\t\t\t\t<\/div>\n\t\t<div class=\"elementor-element elementor-element-b73429e e-con-full e-flex e-con e-child\" data-id=\"b73429e\" data-element_type=\"container\" data-e-type=\"container\">\n\t\t\t\t<div class=\"elementor-element elementor-element-b416199 elementor-widget elementor-widget-text-editor\" data-id=\"b416199\" data-element_type=\"widget\" data-e-type=\"widget\" data-widget_type=\"text-editor.default\">\n\t\t\t\t<div class=\"elementor-widget-container\">\n\t\t\t\t\t\t\t\t\t<p><strong><span style=\"color: #0adc0a;\">Benutzerfreundlichkeit:<\/span><\/strong> Wir legen gro\u00dfen Wert auf eine einfache und intuitive Bedienung. Unsere Ladeger\u00e4te sind leicht zu installieren und zu verwenden, sodass Sie ohne Aufwand aufladen k\u00f6nnen. Egal ob zu Hause, am Arbeitsplatz oder unterwegs &#8211; wir haben die passende L\u00f6sung f\u00fcr Sie.<\/p>\t\t\t\t\t\t\t\t<\/div>\n\t\t\t\t<\/div>\n\t\t\t\t<\/div>\n\t\t\t\t<\/div>\n\t\t<div class=\"elementor-element elementor-element-aa0baf5 e-con-full e-flex e-con e-child\" data-id=\"aa0baf5\" data-element_type=\"container\" data-e-type=\"container\">\n\t\t<div class=\"elementor-element elementor-element-0c32882 e-con-full e-flex e-con e-child\" data-id=\"0c32882\" data-element_type=\"container\" data-e-type=\"container\">\n\t\t<div class=\"elementor-element elementor-element-aba7433 e-con-full e-flex e-con e-child\" data-id=\"aba7433\" data-element_type=\"container\" data-e-type=\"container\">\n\t\t<div class=\"elementor-element elementor-element-b6e93e8 e-con-full e-flex e-con e-child\" data-id=\"b6e93e8\" data-element_type=\"container\" data-e-type=\"container\" data-settings=\"{&quot;background_background&quot;:&quot;classic&quot;}\">\n\t\t\t\t<\/div>\n\t\t\t\t<\/div>\n\t\t<div class=\"elementor-element elementor-element-3a7f657 e-con-full e-flex e-con e-child\" data-id=\"3a7f657\" data-element_type=\"container\" data-e-type=\"container\">\n\t\t\t\t<div class=\"elementor-element elementor-element-544da7c elementor-widget elementor-widget-text-editor\" data-id=\"544da7c\" data-element_type=\"widget\" data-e-type=\"widget\" data-widget_type=\"text-editor.default\">\n\t\t\t\t<div class=\"elementor-widget-container\">\n\t\t\t\t\t\t\t\t\t<h4>GBC126A03<\/h4><p><span style=\"color: #ffffff;\">Intelligentes-Bike-Ladeger\u00e4t mit High-Line_eingang und 3A-Ausgang \u00fcber CanBus\/Singel-Line-Kommunikation<\/span><br \/><strong>Eingangsspannung<\/strong><br \/><span style=\"color: #ffffff;\">1198V-264Vac<\/span><br \/><strong>Frequenz<\/strong><br \/><span style=\"color: #ffffff;\">50 \/ 60Hz<\/span><\/p>\t\t\t\t\t\t\t\t<\/div>\n\t\t\t\t<\/div>\n\t\t\t\t<\/div>\n\t\t<div class=\"elementor-element elementor-element-2eab5a8 e-con-full e-flex e-con e-child\" data-id=\"2eab5a8\" data-element_type=\"container\" data-e-type=\"container\">\n\t\t\t\t<div class=\"elementor-element elementor-element-242d6ff elementor-widget elementor-widget-n-accordion\" data-id=\"242d6ff\" data-element_type=\"widget\" data-e-type=\"widget\" data-settings=\"{&quot;default_state&quot;:&quot;all_collapsed&quot;,&quot;max_items_expended&quot;:&quot;one&quot;,&quot;n_accordion_animation_duration&quot;:{&quot;unit&quot;:&quot;ms&quot;,&quot;size&quot;:400,&quot;sizes&quot;:[]}}\" data-widget_type=\"nested-accordion.default\">\n\t\t\t\t<div class=\"elementor-widget-container\">\n\t\t\t\t\t\t\t<div class=\"e-n-accordion\" aria-label=\"Accordion. Open links with Enter or Space, close with Escape, and navigate with Arrow Keys\">\n\t\t\t\t\t\t<details id=\"e-n-accordion-item-3790\" class=\"e-n-accordion-item\" >\n\t\t\t\t<summary class=\"e-n-accordion-item-title\" data-accordion-index=\"1\" tabindex=\"0\" aria-expanded=\"false\" aria-controls=\"e-n-accordion-item-3790\" >\n\t\t\t\t\t<span class='e-n-accordion-item-title-header'><div class=\"e-n-accordion-item-title-text\"> mehr Info <\/div><\/span>\n\t\t\t\t\t\t\t<span class='e-n-accordion-item-title-icon'>\n\t\t\t<span class='e-opened' ><svg aria-hidden=\"true\" class=\"e-font-icon-svg e-fas-minus\" viewBox=\"0 0 448 512\" xmlns=\"http:\/\/www.w3.org\/2000\/svg\"><path d=\"M416 208H32c-17.67 0-32 14.33-32 32v32c0 17.67 14.33 32 32 32h384c17.67 0 32-14.33 32-32v-32c0-17.67-14.33-32-32-32z\"><\/path><\/svg><\/span>\n\t\t\t<span class='e-closed'><svg aria-hidden=\"true\" class=\"e-font-icon-svg e-fas-plus\" viewBox=\"0 0 448 512\" xmlns=\"http:\/\/www.w3.org\/2000\/svg\"><path d=\"M416 208H272V64c0-17.67-14.33-32-32-32h-32c-17.67 0-32 14.33-32 32v144H32c-17.67 0-32 14.33-32 32v32c0 17.67 14.33 32 32 32h144v144c0 17.67 14.33 32 32 32h32c17.67 0 32-14.33 32-32V304h144c17.67 0 32-14.33 32-32v-32c0-17.67-14.33-32-32-32z\"><\/path><\/svg><\/span>\n\t\t<\/span>\n\n\t\t\t\t\t\t<\/summary>\n\t\t\t\t<div role=\"region\" aria-labelledby=\"e-n-accordion-item-3790\" class=\"elementor-element elementor-element-3a9a61b e-con-full e-flex e-con e-child\" data-id=\"3a9a61b\" data-element_type=\"container\" data-e-type=\"container\">\n\t\t\t\t<div class=\"elementor-element elementor-element-7b9c914 elementor-widget elementor-widget-text-editor\" data-id=\"7b9c914\" data-element_type=\"widget\" data-e-type=\"widget\" data-widget_type=\"text-editor.default\">\n\t\t\t\t<div class=\"elementor-widget-container\">\n\t\t\t\t\t\t\t\t\t<p><strong>Kategorie<\/strong><br \/>Ladeger\u00e4t f\u00fcr E-Mobilit\u00e4t<br \/><strong>Modell Nr<\/strong><br \/>GBC126A03<br \/><strong>Information<\/strong><br \/>Intelligentes E-Bike-Ladeger\u00e4t mit High-Line-Eingang und 3A-Ausgang\u00fcber CanBus\/Single-Line-Kommunikations<br \/><strong>Eingangsspannung<\/strong><br \/>198V-264Vac<br \/><strong>Frequenz<\/strong><br \/>50\/60Hz<br \/><strong>Eingangsstrom<\/strong><br \/>2A<br \/><strong>Ausgangsspannung<\/strong><br \/>20-41.7Vdc<br \/><strong>Wattleistung<\/strong><br \/>126W<br \/><strong>Betriebstemperatur<\/strong><br \/>-10\u00b0C to +65\u00b0C with derating<br \/><strong>Luftfeuchtigkeit<\/strong><br \/>5 &#8211; 90%<br \/><strong>Schutz<\/strong><br \/>Input UVP\/OVP, Output OCP, OVP, OTP, SCP<br \/><strong>Eingangsanschluss<\/strong><br \/>AC inlet<br \/><strong>Ausgangsanschluss<\/strong><br \/>Socket<br \/><strong>Ma\u00dfe<\/strong><br \/>145mm X 62mm X 33mm<\/p>\t\t\t\t\t\t\t\t<\/div>\n\t\t\t\t<\/div>\n\t\t\t\t<div class=\"elementor-element elementor-element-7bd13a6 elementor-widget elementor-widget-button\" data-id=\"7bd13a6\" data-element_type=\"widget\" data-e-type=\"widget\" data-widget_type=\"button.default\">\n\t\t\t\t<div class=\"elementor-widget-container\">\n\t\t\t\t\t\t\t\t\t<div class=\"elementor-button-wrapper\">\n\t\t\t\t\t<a class=\"elementor-button elementor-button-link elementor-size-sm\" href=\"#elementor-action%3Aaction%3Dpopup%3Aopen%26settings%3DeyJpZCI6NTQyLCJ0b2dnbGUiOmZhbHNlfQ%3D%3D\">\n\t\t\t\t\t\t<span class=\"elementor-button-content-wrapper\">\n\t\t\t\t\t\t\t\t\t<span class=\"elementor-button-text\">Jetzt anfragen<\/span>\n\t\t\t\t\t<\/span>\n\t\t\t\t\t<\/a>\n\t\t\t\t<\/div>\n\t\t\t\t\t\t\t\t<\/div>\n\t\t\t\t<\/div>\n\t\t\t\t<\/div>\n\t\t\t\t\t<\/details>\n\t\t\t\t\t<\/div>\n\t\t\t\t\t\t<\/div>\n\t\t\t\t<\/div>\n\t\t\t\t<\/div>\n\t\t\t\t<\/div>\n\t\t\t\t<\/div>\n\t\t\t\t\t<\/div>\n\t\t\t\t<\/div>\n\t\t<div class=\"elementor-element elementor-element-2c42e37 e-flex e-con-boxed e-con e-parent\" data-id=\"2c42e37\" data-element_type=\"container\" data-e-type=\"container\" data-settings=\"{&quot;background_background&quot;:&quot;classic&quot;}\">\n\t\t\t\t\t<div class=\"e-con-inner\">\n\t\t<div class=\"elementor-element elementor-element-afcfb57 e-con-full e-flex e-con e-child\" data-id=\"afcfb57\" data-element_type=\"container\" data-e-type=\"container\">\n\t\t<div class=\"elementor-element elementor-element-2e9de75 e-con-full e-flex e-con e-child\" data-id=\"2e9de75\" data-element_type=\"container\" data-e-type=\"container\">\n\t\t\t\t<div class=\"elementor-element elementor-element-b1f0226 elementor-widget elementor-widget-heading\" data-id=\"b1f0226\" data-element_type=\"widget\" data-e-type=\"widget\" data-widget_type=\"heading.default\">\n\t\t\t\t<div class=\"elementor-widget-container\">\n\t\t\t\t\t<h2 class=\"elementor-heading-title elementor-size-default\">Unsere Lizenzen <br><font>und Zertifikate <\/font><\/h2>\t\t\t\t<\/div>\n\t\t\t\t<\/div>\n\t\t\t\t<\/div>\n\t\t<div class=\"elementor-element elementor-element-fe9ba6c e-con-full e-flex e-con e-child\" data-id=\"fe9ba6c\" data-element_type=\"container\" data-e-type=\"container\">\n\t\t\t\t<div class=\"elementor-element elementor-element-ed8f814 elementor-widget elementor-widget-text-editor\" data-id=\"ed8f814\" data-element_type=\"widget\" data-e-type=\"widget\" data-widget_type=\"text-editor.default\">\n\t\t\t\t<div class=\"elementor-widget-container\">\n\t\t\t\t\t\t\t\t\t<p><span style=\"color: #0adc0a;\"><strong>Qualit\u00e4t und Zuverl\u00e4ssigkeit:<\/strong> <\/span>Ihre Anwendungen k\u00f6nnen sich auf unsere Produkte verlassen. Wir setzen auf strenge Qualit\u00e4tskontrollen und Tests, um sicherzustellen, dass unsere Stromversorgungen den h\u00f6chsten Standards entsprechen.<\/p>\t\t\t\t\t\t\t\t<\/div>\n\t\t\t\t<\/div>\n\t\t\t\t<\/div>\n\t\t\t\t<\/div>\n\t\t<div class=\"elementor-element elementor-element-f16fddc e-con-full e-flex e-con e-child\" data-id=\"f16fddc\" data-element_type=\"container\" data-e-type=\"container\">\n\t\t\t\t<div class=\"elementor-element elementor-element-c0f7cbb elementor-widget elementor-widget-image\" data-id=\"c0f7cbb\" data-element_type=\"widget\" data-e-type=\"widget\" data-widget_type=\"image.default\">\n\t\t\t\t<div class=\"elementor-widget-container\">\n\t\t\t\t\t\t\t\t\t\t\t\t\t\t\t<img fetchpriority=\"high\" decoding=\"async\" width=\"2300\" height=\"562\" src=\"https:\/\/gipt-europe.de\/wp-content\/uploads\/2024\/08\/approabationen@2x-50.jpg\" class=\"attachment-full size-full wp-image-358\" alt=\"\" srcset=\"https:\/\/gipt-europe.de\/wp-content\/uploads\/2024\/08\/approabationen@2x-50.jpg 2300w, https:\/\/gipt-europe.de\/wp-content\/uploads\/2024\/08\/approabationen@2x-50-300x73.jpg 300w, https:\/\/gipt-europe.de\/wp-content\/uploads\/2024\/08\/approabationen@2x-50-1024x250.jpg 1024w, https:\/\/gipt-europe.de\/wp-content\/uploads\/2024\/08\/approabationen@2x-50-768x188.jpg 768w, https:\/\/gipt-europe.de\/wp-content\/uploads\/2024\/08\/approabationen@2x-50-1536x375.jpg 1536w, https:\/\/gipt-europe.de\/wp-content\/uploads\/2024\/08\/approabationen@2x-50-2048x500.jpg 2048w\" sizes=\"(max-width: 2300px) 100vw, 2300px\" \/>\t\t\t\t\t\t\t\t\t\t\t\t\t\t\t<\/div>\n\t\t\t\t<\/div>\n\t\t\t\t<\/div>\n\t\t\t\t\t<\/div>\n\t\t\t\t<\/div>\n\t\t\t\t<\/div>\n\t\t","protected":false},"excerpt":{"rendered":"<p>E-Mobilit\u00e4t Die Zukunft des Ladens beginnt hier Die eMobility-Branche w\u00e4chst rasant, da Elektrofahrzeuge in Entwicklungsl\u00e4ndern immer beliebter werden, um die weltweiten Emissionen des Verkehrssektors zu reduzieren. GIPT bietet ma\u00dfgeschneiderte Projekte, um Ihr eMobility-Konzept in die Realit\u00e4t umzusetzen Jetzt anfragen Revolution\u00e4re Ladeger\u00e4te f\u00fcr E-Mobilit\u00e4t: Schnell, Sicher und Zukunftssicher In einer Welt, die zunehmend auf nachhaltige und [&hellip;]<\/p>\n","protected":false},"author":1,"featured_media":0,"parent":0,"menu_order":0,"comment_status":"closed","ping_status":"closed","template":"","meta":{"footnotes":""},"class_list":["post-184","page","type-page","status-publish","hentry"],"_links":{"self":[{"href":"https:\/\/gipt-europe.de\/index.php\/wp-json\/wp\/v2\/pages\/184","targetHints":{"allow":["GET"]}}],"collection":[{"href":"https:\/\/gipt-europe.de\/index.php\/wp-json\/wp\/v2\/pages"}],"about":[{"href":"https:\/\/gipt-europe.de\/index.php\/wp-json\/wp\/v2\/types\/page"}],"author":[{"embeddable":true,"href":"https:\/\/gipt-europe.de\/index.php\/wp-json\/wp\/v2\/users\/1"}],"replies":[{"embeddable":true,"href":"https:\/\/gipt-europe.de\/index.php\/wp-json\/wp\/v2\/comments?post=184"}],"version-history":[{"count":55,"href":"https:\/\/gipt-europe.de\/index.php\/wp-json\/wp\/v2\/pages\/184\/revisions"}],"predecessor-version":[{"id":1967,"href":"https:\/\/gipt-europe.de\/index.php\/wp-json\/wp\/v2\/pages\/184\/revisions\/1967"}],"wp:attachment":[{"href":"https:\/\/gipt-europe.de\/index.php\/wp-json\/wp\/v2\/media?parent=184"}],"curies":[{"name":"wp","href":"https:\/\/api.w.org\/{rel}","templated":true}]}}